{"id":52,"date":"2023-06-19T20:43:57","date_gmt":"2023-06-19T18:43:57","guid":{"rendered":"https:\/\/www.wirtess.com\/?page_id=52"},"modified":"2023-06-19T20:46:59","modified_gmt":"2023-06-19T18:46:59","slug":"oenskeliste","status":"publish","type":"page","link":"https:\/\/www.wirtess.com\/","title":{"rendered":"\u00d8nskeliste"},"content":{"rendered":"\n<div class=\"wp-block-columns alignfull is-layout-flex wp-container-core-columns-is-layout-9d6595d7 wp-block-columns-is-layout-flex\">\n<div class=\"wp-block-column is-layout-flow wp-block-column-is-layout-flow\" style=\"flex-basis:50%\">\n<figure class=\"wp-block-image size-full\"><img loading=\"lazy\" decoding=\"async\" width=\"525\" height=\"475\" src=\"https:\/\/www.wirtess.com\/wp-content\/uploads\/2023\/06\/cropped-Skaermbillede-2023-04-23-000206-removebg-preview-1.png\" alt=\"\" class=\"wp-image-44\" srcset=\"https:\/\/www.wirtess.com\/wp-content\/uploads\/2023\/06\/cropped-Skaermbillede-2023-04-23-000206-removebg-preview-1.png 525w, https:\/\/www.wirtess.com\/wp-content\/uploads\/2023\/06\/cropped-Skaermbillede-2023-04-23-000206-removebg-preview-1-300x271.png 300w\" sizes=\"auto, (max-width: 525px) 100vw, 525px\" \/><\/figure>\n\n\n\n<ul class=\"wp-block-list\">\n<li><a href=\"https:\/\/www.ikea.com\/dk\/da\/p\/faergklar-service-24-dele-mat-overflade-gron-50478216\/?gclid=Cj0KCQiA6fafBhC1ARIsAIJjL8l_N8Bvo5RYECXrT9FtrMvCoE20jiwXu39q4EpMi4aW41a05VyZIu8aAhAYEALw_wcB&amp;gclsrc=aw.ds\">Tallerken s\u00e6t gr\u00f8n F\u00c4RGKLAR<\/a><\/li>\n\n\n\n<li><a href=\"https:\/\/www.ikea.com\/dk\/da\/p\/tillagd-bestik-24-dele-messingfarvet-80474453\/\">Messing bestik 24 dele<\/a><\/li>\n\n\n\n<li><a href=\"https:\/\/www.imerco.dk\/kitchenaid-artisan-roeremaskine-5ksm125eob-4-8-liter-10-hastigheder-inkl-tilbehoer?id=100369712\">KitchenAid Artisan k\u00f8kkenmaskine<\/a><\/li>\n\n\n\n<li><a href=\"https:\/\/bydahlliving.dk\/shop\/broste-copenhagen-smoke-champagne-glas-3424p.html?gclid=Cj0KCQiA6fafBhC1ARIsAIJjL8l34dxoS2StGNSQUzVOG-GQkdYUgJmXloSOsx83SdpIOLTozZLV6h4aAl3JEALw_wcB&amp;CookieConsentChanged=1\">Broste Copenhagen Smoke champagne glas 8 stk<\/a><\/li>\n\n\n\n<li><a href=\"https:\/\/bydahlliving.dk\/shop\/broste-copenhagen-smoke-cocktailglas-1414p.html\">Broste Copenhagen Smoke Cocktailglas 8 stk<\/a><\/li>\n\n\n\n<li><a href=\"https:\/\/bydahlliving.dk\/shop\/broste-copenhagen-smoke-vandglas-hoej-993p.html\">Broste Copenhagen Smoke vandglas h\u00f8j 8 stk<\/a><\/li>\n\n\n\n<li><a href=\"https:\/\/www.brostecopenhagen.com\/dk\/shop\/borddaekning\/glas--karafler-serier\/smoke\/smoke-shots-glas\/c-158\/p-10458\/\">Broste Copenhagen Smoke Shots Glas 6 stk<\/a><\/li>\n\n\n\n<li><a href=\"https:\/\/bydahlliving.dk\/shop\/broste-copenhagen-nordic-sand-kande-10411p.html\">Broste Copenhagen Nordic Sand kande<\/a><\/li>\n\n\n\n<li><a href=\"https:\/\/www.skousen.dk\/hus-have\/rengoering\/gulvvasker\/product\/irobot-braava-m6132\/?utm_source=google&amp;utm_medium=surfaces&amp;gclsrc=aw.ds&amp;gclid=Cj0KCQiA6fafBhC1ARIsAIJjL8mUosQTHP5ntw8Sfg3ItgL1WCIVZhvC-gmJBPnbrx9KJADjdafxGtcaApD8EALw_wcB\">IROBOT Braava M6132 , Gulvvasker<\/a><\/li>\n\n\n\n<li><a href=\"https:\/\/www.imerco.dk\/timm-vladimir-kitchen-knivsaet-3-dele-l-21-18-9-cm-damaskusstaal-ask-brun?id=100412823\">Timm Vladimir Kitchen Knive 3 dele<\/a><\/li>\n<\/ul>\n<\/div>\n\n\n\n<div class=\"wp-block-column is-vertically-aligned-center is-layout-flow wp-block-column-is-layout-flow\" style=\"padding-top:1em;padding-right:1em;padding-bottom:1em;padding-left:1em\">\n<div class=\"wp-block-columns is-layout-flex wp-container-core-columns-is-layout-9d6595d7 wp-block-columns-is-layout-flex\">\n<div class=\"wp-block-column is-layout-flow wp-block-column-is-layout-flow\" style=\"flex-basis:320px\">\n<p class=\"has-small-font-size\" style=\"line-height:1.6\"><\/p>\n\n\n\n<ul class=\"wp-block-list\">\n<li><a href=\"https:\/\/www.imerco.dk\/timm-vladimir-kitchen-broedkniv-l-23-cm-karboniseret-ask-damaskusstaal-brun?id=100400837\">Timm Vladimir Kitchen Br\u00f8dkniv<\/a><\/li>\n\n\n\n<li><a href=\"https:\/\/www.imerco.dk\/timm-vladimir-kitchen-salt-og-peberkvaernsaet-2-dele-oe-5-5-x-h-12-cm-karboniseret-ask-brun?id=100399642\">Timm Vladimir Kitchen Salt- og peberkv\u00e6rns\u00e6t \u2013 2 dele<\/a><\/li>\n\n\n\n<li><a href=\"https:\/\/www.imerco.dk\/timm-vladimir-kitchen-forskaerersaet-2-dele-l-33-cm-rustfrit-staal-karboniseret-ask?id=100401102\">Timm Vladimir Kitchen Forsk\u00e6rers\u00e6t \u2013 2 dele<\/a><\/li>\n\n\n\n<li><a href=\"https:\/\/www.imerco.dk\/timm-vladimir-kitchen-diamant-strygestaal-l-31-cm-trae-staal?id=100399604\">Timm Vladimir Kitchen Diamant Strygest\u00e5l<\/a><\/li>\n\n\n\n<li><a href=\"https:\/\/www.imerco.dk\/timm-vladimir-kitchen-skaerebraet-b-30-x-l-45-cm-karboniseret-ask?id=100400975\">Timm Vladimir Kitchen Sk\u00e6rebr\u00e6t<\/a><\/li>\n\n\n\n<li><a href=\"https:\/\/www.imerco.dk\/timm-vladimir-kitchen-knivmagnet-l-55-cm-karboniseret-ask-brun?id=100400860\">Timm Vladimir Kitchen Knivmagnet<\/a><\/li>\n\n\n\n<li><a href=\"https:\/\/www.imerco.dk\/timm-vladimir-kitchen-stegepande-oe-28-cm-rustfrit-staal?id=100392237\">Timm Vladimir Kitchen Stegepande<\/a><\/li>\n\n\n\n<li><a href=\"https:\/\/www.imerco.dk\/?id=100397645\">Timm Vladimir Kitchen Grillpande<\/a><\/li>\n\n\n\n<li><a href=\"https:\/\/www.imerco.dk\/?id=100405019\">OXO Good Grips POP Opbevaringsboks \u2013 10 stk.<\/a><\/li>\n\n\n\n<li><a href=\"https:\/\/www.imerco.dk\/?id=100404420\">Lyngby Glas Palermo Cocktailglas \u2013 4 stk.<\/a><\/li>\n\n\n\n<li><a href=\"https:\/\/www.kitchenone.dk\/produkt\/shefu-isterningmaskine-1-5-liter\/\">Shefu Isterningmaskine 1,5 liter<\/a><\/li>\n\n\n\n<li>Oplevelse pakker ( Kroophold og Spaophold )<\/li>\n\n\n\n<li>Gavekort til Jysk, Ikea, Imerco<\/li>\n\n\n\n<li>Tilskud til bryllupsrejse<\/li>\n<\/ul>\n<\/div>\n<\/div>\n<\/div>\n<\/div>\n","protected":false},"excerpt":{"rendered":"","protected":false},"author":1,"featured_media":0,"parent":0,"menu_order":0,"comment_status":"closed","ping_status":"closed","template":"","meta":{"footnotes":""},"class_list":["post-52","page","type-page","status-publish","hentry"],"_links":{"self":[{"href":"https:\/\/www.wirtess.com\/index.php?rest_route=\/wp\/v2\/pages\/52","targetHints":{"allow":["GET"]}}],"collection":[{"href":"https:\/\/www.wirtess.com\/index.php?rest_route=\/wp\/v2\/pages"}],"about":[{"href":"https:\/\/www.wirtess.com\/index.php?rest_route=\/wp\/v2\/types\/page"}],"author":[{"embeddable":true,"href":"https:\/\/www.wirtess.com\/index.php?rest_route=\/wp\/v2\/users\/1"}],"replies":[{"embeddable":true,"href":"https:\/\/www.wirtess.com\/index.php?rest_route=%2Fwp%2Fv2%2Fcomments&post=52"}],"version-history":[{"count":4,"href":"https:\/\/www.wirtess.com\/index.php?rest_route=\/wp\/v2\/pages\/52\/revisions"}],"predecessor-version":[{"id":57,"href":"https:\/\/www.wirtess.com\/index.php?rest_route=\/wp\/v2\/pages\/52\/revisions\/57"}],"wp:attachment":[{"href":"https:\/\/www.wirtess.com\/index.php?rest_route=%2Fwp%2Fv2%2Fmedia&parent=52"}],"curies":[{"name":"wp","href":"https:\/\/api.w.org\/{rel}","templated":true}]}}